{"id":2,"date":"2026-04-07T13:56:55","date_gmt":"2026-04-07T13:56:55","guid":{"rendered":"https:\/\/haus-emmaus.ch\/?page_id=2"},"modified":"2026-04-07T15:37:57","modified_gmt":"2026-04-07T15:37:57","slug":"welcome","status":"publish","type":"page","link":"https:\/\/haus-emmaus.ch\/","title":{"rendered":"Willkommen im \u00abHaus Emmaus\u00bb"},"content":{"rendered":"\n<p><span id=\"docs-internal-guid-49edd5fe-7fff-3290-ccc2-7f5592c0bbbe\" style=\"letter-spacing: normal; white-space: normal; caret-color: rgb(0, 0, 0); color: rgb(0, 0, 0);\"><span style=\"font-size: 15pt; font-family: Arial, sans-serif; font-variant-ligatures: normal; font-variant-alternates: normal; font-variant-numeric: normal; font-variant-east-asian: normal; font-variant-position: normal; vertical-align: baseline; white-space: pre-wrap;\">Ein Ort f\u00fcr Heilung, Stabilit\u00e4t und Neuanfang<\/span><\/span><\/p>\n\n\n\n<h2 class=\"wp-block-heading\">\u00abGemeinsam den Weg der Hoffnung gehen\u00bb<\/h2>\n\n\n\n<p>Haus Emmaus ist ein gesch\u00fctztes Zuhause f\u00fcr M\u00e4nner (mit Kindern), die Gewalt erfahren haben und auf der Suche nach Sicherheit, Halt und einem Neuanfang sind. <\/p>\n\n\n\n<p>Unser Ziel ist es, einen Ort zu bieten, an dem M\u00e4nner wieder Vertrauen, Stabilit\u00e4t und Selbstvertrauen aufbauen k\u00f6nnen \u2013 begleitet von fachlicher, therapeutischer Unterst\u00fctzung und christlicher Orientierung, wenn gew\u00fcnscht.<\/p>\n\n\n\n<p><\/p>\n\n\n\n<p><\/p>\n","protected":false},"excerpt":{"rendered":"<p>Ein Ort f\u00fcr Heilung, Stabilit\u00e4t und Neuanfang \u00abGemeinsam den Weg der Hoffnung gehen\u00bb Haus Emmaus ist ein gesch\u00fctztes Zuhause f\u00fcr M\u00e4nner (mit Kindern), die Gewalt erfahren haben und auf der Suche nach Sicherheit, Halt und einem Neuanfang sind. Unser Ziel ist es, einen Ort zu bieten, an dem M\u00e4nner wieder Vertrauen, Stabilit\u00e4t und Selbstvertrauen aufbauen&hellip; <br \/> <a class=\"read-more\" href=\"https:\/\/haus-emmaus.ch\/\">Weiterlesen<\/a><\/p>\n","protected":false},"author":1,"featured_media":9,"parent":0,"menu_order":1,"comment_status":"closed","ping_status":"closed","template":"","meta":{"footnotes":""},"class_list":["post-2","page","type-page","status-publish","has-post-thumbnail","hentry"],"yoast_head":"<!-- This site is optimized with the Yoast SEO plugin v27.3 - https:\/\/yoast.com\/product\/yoast-seo-wordpress\/ -->\n<title>Willkommen im \u00abHaus Emmaus\u00bb - Haus Emmaus<\/title>\n<meta name=\"robots\" content=\"index, follow, max-snippet:-1, max-image-preview:large, max-video-preview:-1\" \/>\n<link rel=\"canonical\" href=\"https:\/\/haus-emmaus.ch\/\" \/>\n<meta property=\"og:locale\" content=\"de_DE\" \/>\n<meta property=\"og:type\" content=\"article\" \/>\n<meta property=\"og:title\" content=\"Willkommen im \u00abHaus Emmaus\u00bb - Haus Emmaus\" \/>\n<meta property=\"og:description\" content=\"Ein Ort f\u00fcr Heilung, Stabilit\u00e4t und Neuanfang \u00abGemeinsam den Weg der Hoffnung gehen\u00bb Haus Emmaus ist ein gesch\u00fctztes Zuhause f\u00fcr M\u00e4nner (mit Kindern), die Gewalt erfahren haben und auf der Suche nach Sicherheit, Halt und einem Neuanfang sind. Unser Ziel ist es, einen Ort zu bieten, an dem M\u00e4nner wieder Vertrauen, Stabilit\u00e4t und Selbstvertrauen aufbauen&hellip; Weiterlesen\" \/>\n<meta property=\"og:url\" content=\"https:\/\/haus-emmaus.ch\/\" \/>\n<meta property=\"og:site_name\" content=\"Haus Emmaus\" \/>\n<meta property=\"article:modified_time\" content=\"2026-04-07T15:37:57+00:00\" \/>\n<meta property=\"og:image\" content=\"https:\/\/haus-emmaus.ch\/wp-content\/uploads\/2026\/04\/logo1.jpg\" \/>\n\t<meta property=\"og:image:width\" content=\"1205\" \/>\n\t<meta property=\"og:image:height\" content=\"565\" \/>\n\t<meta property=\"og:image:type\" content=\"image\/jpeg\" \/>\n<meta name=\"twitter:card\" content=\"summary_large_image\" \/>\n<meta name=\"twitter:label1\" content=\"Gesch\u00e4tzte Lesezeit\" \/>\n\t<meta name=\"twitter:data1\" content=\"1\u00a0Minute\" \/>\n<script type=\"application\/ld+json\" class=\"yoast-schema-graph\">{\"@context\":\"https:\\\/\\\/schema.org\",\"@graph\":[{\"@type\":\"WebPage\",\"@id\":\"https:\\\/\\\/haus-emmaus.ch\\\/\",\"url\":\"https:\\\/\\\/haus-emmaus.ch\\\/\",\"name\":\"Willkommen im \u00abHaus Emmaus\u00bb - Haus Emmaus\",\"isPartOf\":{\"@id\":\"https:\\\/\\\/haus-emmaus.ch\\\/#website\"},\"primaryImageOfPage\":{\"@id\":\"https:\\\/\\\/haus-emmaus.ch\\\/#primaryimage\"},\"image\":{\"@id\":\"https:\\\/\\\/haus-emmaus.ch\\\/#primaryimage\"},\"thumbnailUrl\":\"https:\\\/\\\/haus-emmaus.ch\\\/wp-content\\\/uploads\\\/2026\\\/04\\\/logo1.jpg\",\"datePublished\":\"2026-04-07T13:56:55+00:00\",\"dateModified\":\"2026-04-07T15:37:57+00:00\",\"breadcrumb\":{\"@id\":\"https:\\\/\\\/haus-emmaus.ch\\\/#breadcrumb\"},\"inLanguage\":\"de\",\"potentialAction\":[{\"@type\":\"ReadAction\",\"target\":[\"https:\\\/\\\/haus-emmaus.ch\\\/\"]}]},{\"@type\":\"ImageObject\",\"inLanguage\":\"de\",\"@id\":\"https:\\\/\\\/haus-emmaus.ch\\\/#primaryimage\",\"url\":\"https:\\\/\\\/haus-emmaus.ch\\\/wp-content\\\/uploads\\\/2026\\\/04\\\/logo1.jpg\",\"contentUrl\":\"https:\\\/\\\/haus-emmaus.ch\\\/wp-content\\\/uploads\\\/2026\\\/04\\\/logo1.jpg\",\"width\":1205,\"height\":565},{\"@type\":\"BreadcrumbList\",\"@id\":\"https:\\\/\\\/haus-emmaus.ch\\\/#breadcrumb\",\"itemListElement\":[{\"@type\":\"ListItem\",\"position\":1,\"name\":\"Start\",\"item\":\"https:\\\/\\\/haus-emmaus.ch\\\/\"},{\"@type\":\"ListItem\",\"position\":2,\"name\":\"Willkommen im \u00abHaus Emmaus\u00bb\"}]},{\"@type\":\"WebSite\",\"@id\":\"https:\\\/\\\/haus-emmaus.ch\\\/#website\",\"url\":\"https:\\\/\\\/haus-emmaus.ch\\\/\",\"name\":\"Haus Emmaus\",\"description\":\"Gemeinsam den Weg der Hoffnung gehen\",\"publisher\":{\"@id\":\"https:\\\/\\\/haus-emmaus.ch\\\/#organization\"},\"potentialAction\":[{\"@type\":\"SearchAction\",\"target\":{\"@type\":\"EntryPoint\",\"urlTemplate\":\"https:\\\/\\\/haus-emmaus.ch\\\/?s={search_term_string}\"},\"query-input\":{\"@type\":\"PropertyValueSpecification\",\"valueRequired\":true,\"valueName\":\"search_term_string\"}}],\"inLanguage\":\"de\"},{\"@type\":\"Organization\",\"@id\":\"https:\\\/\\\/haus-emmaus.ch\\\/#organization\",\"name\":\"Haus Emmaus\",\"url\":\"https:\\\/\\\/haus-emmaus.ch\\\/\",\"logo\":{\"@type\":\"ImageObject\",\"inLanguage\":\"de\",\"@id\":\"https:\\\/\\\/haus-emmaus.ch\\\/#\\\/schema\\\/logo\\\/image\\\/\",\"url\":\"https:\\\/\\\/haus-emmaus.ch\\\/wp-content\\\/uploads\\\/2026\\\/04\\\/cropped-logo1-1.jpg\",\"contentUrl\":\"https:\\\/\\\/haus-emmaus.ch\\\/wp-content\\\/uploads\\\/2026\\\/04\\\/cropped-logo1-1.jpg\",\"width\":1205,\"height\":562,\"caption\":\"Haus Emmaus\"},\"image\":{\"@id\":\"https:\\\/\\\/haus-emmaus.ch\\\/#\\\/schema\\\/logo\\\/image\\\/\"}}]}<\/script>\n<!-- \/ Yoast SEO plugin. -->","yoast_head_json":{"title":"Willkommen im \u00abHaus Emmaus\u00bb - Haus Emmaus","robots":{"index":"index","follow":"follow","max-snippet":"max-snippet:-1","max-image-preview":"max-image-preview:large","max-video-preview":"max-video-preview:-1"},"canonical":"https:\/\/haus-emmaus.ch\/","og_locale":"de_DE","og_type":"article","og_title":"Willkommen im \u00abHaus Emmaus\u00bb - Haus Emmaus","og_description":"Ein Ort f\u00fcr Heilung, Stabilit\u00e4t und Neuanfang \u00abGemeinsam den Weg der Hoffnung gehen\u00bb Haus Emmaus ist ein gesch\u00fctztes Zuhause f\u00fcr M\u00e4nner (mit Kindern), die Gewalt erfahren haben und auf der Suche nach Sicherheit, Halt und einem Neuanfang sind. Unser Ziel ist es, einen Ort zu bieten, an dem M\u00e4nner wieder Vertrauen, Stabilit\u00e4t und Selbstvertrauen aufbauen&hellip; Weiterlesen","og_url":"https:\/\/haus-emmaus.ch\/","og_site_name":"Haus Emmaus","article_modified_time":"2026-04-07T15:37:57+00:00","og_image":[{"width":1205,"height":565,"url":"https:\/\/haus-emmaus.ch\/wp-content\/uploads\/2026\/04\/logo1.jpg","type":"image\/jpeg"}],"twitter_card":"summary_large_image","twitter_misc":{"Gesch\u00e4tzte Lesezeit":"1\u00a0Minute"},"schema":{"@context":"https:\/\/schema.org","@graph":[{"@type":"WebPage","@id":"https:\/\/haus-emmaus.ch\/","url":"https:\/\/haus-emmaus.ch\/","name":"Willkommen im \u00abHaus Emmaus\u00bb - Haus Emmaus","isPartOf":{"@id":"https:\/\/haus-emmaus.ch\/#website"},"primaryImageOfPage":{"@id":"https:\/\/haus-emmaus.ch\/#primaryimage"},"image":{"@id":"https:\/\/haus-emmaus.ch\/#primaryimage"},"thumbnailUrl":"https:\/\/haus-emmaus.ch\/wp-content\/uploads\/2026\/04\/logo1.jpg","datePublished":"2026-04-07T13:56:55+00:00","dateModified":"2026-04-07T15:37:57+00:00","breadcrumb":{"@id":"https:\/\/haus-emmaus.ch\/#breadcrumb"},"inLanguage":"de","potentialAction":[{"@type":"ReadAction","target":["https:\/\/haus-emmaus.ch\/"]}]},{"@type":"ImageObject","inLanguage":"de","@id":"https:\/\/haus-emmaus.ch\/#primaryimage","url":"https:\/\/haus-emmaus.ch\/wp-content\/uploads\/2026\/04\/logo1.jpg","contentUrl":"https:\/\/haus-emmaus.ch\/wp-content\/uploads\/2026\/04\/logo1.jpg","width":1205,"height":565},{"@type":"BreadcrumbList","@id":"https:\/\/haus-emmaus.ch\/#breadcrumb","itemListElement":[{"@type":"ListItem","position":1,"name":"Start","item":"https:\/\/haus-emmaus.ch\/"},{"@type":"ListItem","position":2,"name":"Willkommen im \u00abHaus Emmaus\u00bb"}]},{"@type":"WebSite","@id":"https:\/\/haus-emmaus.ch\/#website","url":"https:\/\/haus-emmaus.ch\/","name":"Haus Emmaus","description":"Gemeinsam den Weg der Hoffnung gehen","publisher":{"@id":"https:\/\/haus-emmaus.ch\/#organization"},"potentialAction":[{"@type":"SearchAction","target":{"@type":"EntryPoint","urlTemplate":"https:\/\/haus-emmaus.ch\/?s={search_term_string}"},"query-input":{"@type":"PropertyValueSpecification","valueRequired":true,"valueName":"search_term_string"}}],"inLanguage":"de"},{"@type":"Organization","@id":"https:\/\/haus-emmaus.ch\/#organization","name":"Haus Emmaus","url":"https:\/\/haus-emmaus.ch\/","logo":{"@type":"ImageObject","inLanguage":"de","@id":"https:\/\/haus-emmaus.ch\/#\/schema\/logo\/image\/","url":"https:\/\/haus-emmaus.ch\/wp-content\/uploads\/2026\/04\/cropped-logo1-1.jpg","contentUrl":"https:\/\/haus-emmaus.ch\/wp-content\/uploads\/2026\/04\/cropped-logo1-1.jpg","width":1205,"height":562,"caption":"Haus Emmaus"},"image":{"@id":"https:\/\/haus-emmaus.ch\/#\/schema\/logo\/image\/"}}]}},"_links":{"self":[{"href":"https:\/\/haus-emmaus.ch\/index.php\/wp-json\/wp\/v2\/pages\/2","targetHints":{"allow":["GET"]}}],"collection":[{"href":"https:\/\/haus-emmaus.ch\/index.php\/wp-json\/wp\/v2\/pages"}],"about":[{"href":"https:\/\/haus-emmaus.ch\/index.php\/wp-json\/wp\/v2\/types\/page"}],"author":[{"embeddable":true,"href":"https:\/\/haus-emmaus.ch\/index.php\/wp-json\/wp\/v2\/users\/1"}],"replies":[{"embeddable":true,"href":"https:\/\/haus-emmaus.ch\/index.php\/wp-json\/wp\/v2\/comments?post=2"}],"version-history":[{"count":9,"href":"https:\/\/haus-emmaus.ch\/index.php\/wp-json\/wp\/v2\/pages\/2\/revisions"}],"predecessor-version":[{"id":29,"href":"https:\/\/haus-emmaus.ch\/index.php\/wp-json\/wp\/v2\/pages\/2\/revisions\/29"}],"wp:featuredmedia":[{"embeddable":true,"href":"https:\/\/haus-emmaus.ch\/index.php\/wp-json\/wp\/v2\/media\/9"}],"wp:attachment":[{"href":"https:\/\/haus-emmaus.ch\/index.php\/wp-json\/wp\/v2\/media?parent=2"}],"curies":[{"name":"wp","href":"https:\/\/api.w.org\/{rel}","templated":true}]}}